{"id":55590,"date":"2024-02-05T11:20:47","date_gmt":"2024-02-05T11:20:47","guid":{"rendered":"https:\/\/ticketmaster-enterprise.local\/why-ticketmaster\/our-team\/"},"modified":"2026-03-09T18:07:54","modified_gmt":"2026-03-09T18:07:54","slug":"our-team","status":"publish","type":"page","link":"https:\/\/business.ticketmaster.com\/fr\/why-ticketmaster\/our-team\/","title":{"rendered":"Notre \u00c9quipe"},"content":{"rendered":"\n<div class=\"wp-block-group alignfull is-style-padding-alt-2 has-base-color has-contrast-background-color has-text-color has-background has-link-color wp-elements-91b5d195025fc1282960e59e7ce640b7 has-global-padding is-layout-constrained wp-block-group-is-layout-constrained\">\n<section class=\"wp-block-group alignwide is-layout-flow wp-block-group-is-layout-flow\">\n<div class=\"wp-block-columns is-style-lg-row-reverse is-layout-flex wp-container-core-columns-is-layout-28f84493 wp-block-columns-is-layout-flex\">\n<div class=\"wp-block-column is-layout-flow wp-block-column-is-layout-flow\"><div  class=\"align wp-block-acf-pull-to-edge\">\n\t<div class=\"pull-to-edge pull-to-edge--right\">\n<div  class=\"align wp-block-acf-tm-shapes\">\n    <div class=\"tm-shapes\">\n        <div class=\"shape shape--square has-base-background-color\"><\/div>\n        <div class=\"shape shape--circle has-primary-background-color\"><\/div>\n    <\/div>\n<\/div>\n<\/div>\t\n<\/div><\/div>\n\n\n\n<div class=\"wp-block-column is-layout-flow wp-block-column-is-layout-flow\">\n<h1 class=\"wp-block-heading\">NOTRE \u00c9QUIPE<\/h1>\n\n\n\n<p class=\"is-style-max-width\">Avec Ticketmaster, vous obtenez bien plus qu\u2019une plateforme, vous b\u00e9n\u00e9ficiez d\u2019un v\u00e9ritable partenaire investi dans votre r\u00e9ussite. Nos \u00e9quipes mondiales et locales combinent une expertise approfondie du secteur \u00e0 un engagement fort envers le service, en offrant un soutien d\u00e9di\u00e9 qui comprend vos besoins uniques. De la stabilit\u00e9 des syst\u00e8mes et de la s\u00e9curit\u00e9 avanc\u00e9e \u00e0 la pr\u00e9vention de la fraude, en passant par des solutions innovantes et un marketing ax\u00e9 sur les donn\u00e9es, nos \u00e9quipes travaillent sans rel\u00e2che pour assurer le succ\u00e8s de vos \u00e9v\u00e9nements, de la mise en vente jusqu\u2019au jour du spectacle.<\/p>\n\n\n\n<div class=\"wp-block-buttons is-layout-flex wp-block-buttons-is-layout-flex\" style=\"margin-top:var(--wp--preset--spacing--large)\">\n<div class=\"wp-block-button\"><a class=\"wp-block-button__link has-primary-background-color has-background wp-element-button\" href=\"https:\/\/business.ticketmaster.com\/fr\/work-with-us\/\" style=\"text-transform:none\">Travailler avec nous<\/a><\/div>\n<\/div>\n<\/div>\n<\/div>\n<\/section>\n<\/div>\n\n\n\n<div class=\"wp-block-group full-bleed has-contrast-color has-base-background-color has-text-color has-background has-link-color wp-elements-5931901d1cdbf51a6c3e207e44f80cd5 has-global-padding is-layout-constrained wp-block-group-is-layout-constrained\">\n<div class=\"wp-block-columns alignwide is-style-more-space is-layout-flex wp-container-core-columns-is-layout-28f84493 wp-block-columns-is-layout-flex\">\n<div class=\"wp-block-column is-layout-flow wp-block-column-is-layout-flow\">\n<h2 class=\"wp-block-heading alignwide is-style-eyebrow\">Leadership<\/h2>\n<\/div>\n\n\n\n<div class=\"wp-block-column is-layout-flow wp-block-column-is-layout-flow\">\n<p><\/p>\n<\/div>\n<\/div>\n\n\n\n<div class=\"wp-block-group alignwide is-layout-grid wp-container-core-group-is-layout-de5e9c26 wp-block-group-is-layout-grid\"><div  style=\"--ellipsis-reveal-color: #121212; --ellipsis-reveal-background-color: #ffffff; --ellipsis-reveal-accent-color: #121212; --ellipsis-reveal-accent-background-color: #ffffff;\" class=\"align wp-block-acf-ellipsis-reveal\">\n\t<div class=\"ellipsis-reveal\">\n\n<div class=\"wp-block-group ellipsis-reveal__content is-style-default is-layout-flow wp-block-group-is-layout-flow\" style=\"border-style:none;border-width:0px\">\n<figure class=\"wp-block-image size-large\"><img decoding=\"async\" src=\"https:\/\/business.ticketmaster.com\/wp-content\/uploads\/2025\/12\/saumil-mehta-ticketmaster-1024x1024.png\" alt=\"\" class=\"wp-image-63498\" style=\"aspect-ratio:1;object-fit:cover\"\/><\/figure>\n\n\n\n<p class=\"ellipsis-reveal__title has-large-font-size\" style=\"font-style:normal;font-weight:600;text-transform:none\">Saumil Mehta<\/p>\n\n\n\n<p class=\"has-medium-font-size\" style=\"margin-top:var(--wp--preset--spacing--tiny);margin-bottom:var(--wp--preset--spacing--tiny);font-style:normal;font-weight:400\">Pr\u00e9sident mondial<\/p>\n\n\n\n<p class=\"ellipsis-reveal__reveal\" style=\"font-size:1rem;font-style:normal;font-weight:300\">Saumil Mehta est devenu pr\u00e9sident mondial de Ticketmaster en 2025, avec pour mandat de faire \u00e9voluer les activit\u00e9s de l\u2019entreprise et de fa\u00e7onner l\u2019avenir de l\u2019exp\u00e9rience des fans pour les \u00e9v\u00e9nements vivants. Fort de son leadership ex\u00e9cutif dans le d\u00e9veloppement de technologies et de plateformes de commerce mondiales de confiance, il mise sur des solutions innovantes, notamment l\u2019int\u00e9gration de l\u2019IA, afin de cr\u00e9er des liens fluides entre les fans, les artistes et les meilleurs \u00e9v\u00e9nements de divertissement vivant au monde.<\/p>\n\n\n<div class=\"icon-chevron\"><svg xmlns=\"http:\/\/www.w3.org\/2000\/svg\" viewBox=\"0 0 640 640\"><!--!Font Awesome Pro v7.1.0 by @fontawesome - https:\/\/fontawesome.com License - https:\/\/fontawesome.com\/license (Commercial License) Copyright 2025 Fonticons, Inc.--><path d=\"M331.3 475.3C325.1 481.5 314.9 481.5 308.7 475.3L100.7 267.3C94.5 261.1 94.5 250.9 100.7 244.7C106.9 238.5 117.1 238.5 123.3 244.7L320 441.4L516.7 244.7C522.9 238.5 533.1 238.5 539.3 244.7C545.5 250.9 545.5 261.1 539.3 267.3L331.3 475.3z\"\/><\/svg><\/div><\/div>\n\n<\/div>\t\n<\/div>\n\n<div  style=\"--ellipsis-reveal-color: #121212; --ellipsis-reveal-background-color: #ffffff; --ellipsis-reveal-accent-color: #121212; --ellipsis-reveal-accent-background-color: #ffffff;\" class=\"align wp-block-acf-ellipsis-reveal\">\n\t<div class=\"ellipsis-reveal\">\n\n<div class=\"wp-block-group ellipsis-reveal__content is-layout-flow wp-block-group-is-layout-flow\" style=\"border-style:none;border-width:0px\">\n<figure class=\"wp-block-image size-large\"><img decoding=\"async\" src=\"https:\/\/business.ticketmaster.com\/wp-content\/uploads\/2024\/06\/231109_Ticketmaster_1010-edited-1024x1024.jpg\" alt=\"\" class=\"wp-image-58988\" style=\"aspect-ratio:1;object-fit:cover\"\/><\/figure>\n\n\n\n<p class=\"ellipsis-reveal__title has-large-font-size\" style=\"font-style:normal;font-weight:600;text-transform:none\">Michael Wichser<\/p>\n\n\n\n<p class=\"has-medium-font-size\" style=\"margin-top:var(--wp--preset--spacing--tiny);margin-bottom:var(--wp--preset--spacing--tiny);font-style:normal;font-weight:400\">Chef de l&rsquo;exploitation<\/p>\n\n\n\n<p class=\"ellipsis-reveal__reveal\" style=\"font-size:1rem;font-style:normal;font-weight:300\">Michael oriente la vision strat\u00e9gique de l\u2019entreprise et veille \u00e0 son alignement avec les principaux objectifs op\u00e9rationnels. Il supervise notamment les initiatives et investissements strat\u00e9giques, les finances, le soutien aux fans et les ressources humaines. Il s\u2019attache \u00e0 \u00e9tablir et \u00e0 maintenir des normes d\u2019excellence \u00e9lev\u00e9es, afin de positionner Ticketmaster \u00e0 l\u2019avant-garde dans un secteur de la billetterie hautement concurrentiel.<\/p>\n\n\n<div class=\"icon-chevron\"><svg xmlns=\"http:\/\/www.w3.org\/2000\/svg\" viewBox=\"0 0 640 640\"><!--!Font Awesome Pro v7.1.0 by @fontawesome - https:\/\/fontawesome.com License - https:\/\/fontawesome.com\/license (Commercial License) Copyright 2025 Fonticons, Inc.--><path d=\"M331.3 475.3C325.1 481.5 314.9 481.5 308.7 475.3L100.7 267.3C94.5 261.1 94.5 250.9 100.7 244.7C106.9 238.5 117.1 238.5 123.3 244.7L320 441.4L516.7 244.7C522.9 238.5 533.1 238.5 539.3 244.7C545.5 250.9 545.5 261.1 539.3 267.3L331.3 475.3z\"\/><\/svg><\/div><\/div>\n\n<\/div>\t\n<\/div>\n\n<div  style=\"--ellipsis-reveal-color: #121212; --ellipsis-reveal-background-color: #ffffff; --ellipsis-reveal-accent-color: #121212; --ellipsis-reveal-accent-background-color: #ffffff;\" class=\"align wp-block-acf-ellipsis-reveal\">\n\t<div class=\"ellipsis-reveal\">\n\n<div class=\"wp-block-group ellipsis-reveal__content is-layout-flow wp-block-group-is-layout-flow\" style=\"border-style:none;border-width:0px\">\n<figure class=\"wp-block-image size-large\"><img decoding=\"async\" src=\"https:\/\/business.ticketmaster.com\/wp-content\/uploads\/2024\/02\/marla-1024x1024.png\" alt=\"\" class=\"wp-image-55965\" style=\"aspect-ratio:1;object-fit:cover\"\/><\/figure>\n\n\n\n<p class=\"ellipsis-reveal__title has-large-font-size\" style=\"font-style:normal;font-weight:600;text-transform:none\">Marla Ostroff<\/p>\n\n\n\n<p class=\"has-medium-font-size\" style=\"margin-top:var(--wp--preset--spacing--tiny);margin-bottom:var(--wp--preset--spacing--tiny);font-style:normal;font-weight:400\">Directrice g\u00e9n\u00e9rale, Am\u00e9rique du Nord<\/p>\n\n\n\n<p class=\"ellipsis-reveal__reveal\" style=\"font-size:1rem;font-style:normal;font-weight:300\">Forte de 30 ans d\u2019exp\u00e9rience chez Ticketmaster, Marla a contribu\u00e9 \u00e0 toutes les grandes tendances et \u00e9tapes marquantes du secteur au cours des trois derni\u00e8res d\u00e9cennies, des billets papier \u00e0 la billetterie informatis\u00e9e, des points de vente physiques \u00e0 Internet, de la concurrence de tiers \u00e0 l\u2019auto-billetterie, du march\u00e9 primaire au march\u00e9 secondaire, et bien plus encore. Marla et son \u00e9quipe se consacrent \u00e0 renforcer et \u00e0 soutenir les relations d\u2019affaires cl\u00e9s avec certains des plus grands clients et partenaires de Ticketmaster, tout en continuant \u00e0 stimuler de nouvelles occasions de croissance strat\u00e9gique. Sa passion pour le d\u00e9veloppement des talents l\u2019am\u00e8nera \u00e9galement \u00e0 jouer un r\u00f4le de premier plan dans la formation de la prochaine g\u00e9n\u00e9ration de leaders chez Ticketmaster.<\/p>\n\n\n<div class=\"icon-chevron\"><svg xmlns=\"http:\/\/www.w3.org\/2000\/svg\" viewBox=\"0 0 640 640\"><!--!Font Awesome Pro v7.1.0 by @fontawesome - https:\/\/fontawesome.com License - https:\/\/fontawesome.com\/license (Commercial License) Copyright 2025 Fonticons, Inc.--><path d=\"M331.3 475.3C325.1 481.5 314.9 481.5 308.7 475.3L100.7 267.3C94.5 261.1 94.5 250.9 100.7 244.7C106.9 238.5 117.1 238.5 123.3 244.7L320 441.4L516.7 244.7C522.9 238.5 533.1 238.5 539.3 244.7C545.5 250.9 545.5 261.1 539.3 267.3L331.3 475.3z\"\/><\/svg><\/div><\/div>\n\n<\/div>\t\n<\/div><\/div>\n<\/div>\n\n\n\n<div class=\"wp-block-group full-bleed has-base-color has-primary-background-color has-text-color has-background has-link-color wp-elements-1066e559c08d314d75661d46f4ed1c07 has-global-padding is-layout-constrained wp-block-group-is-layout-constrained\">\n<div class=\"wp-block-columns alignwide is-style-more-space is-layout-flex wp-container-core-columns-is-layout-28f84493 wp-block-columns-is-layout-flex\">\n<div class=\"wp-block-column is-layout-flow wp-block-column-is-layout-flow\">\n<h2 class=\"wp-block-heading alignwide is-style-eyebrow\">REJOIGNEZ NOTRE \u00c9QUIPE<\/h2>\n<\/div>\n\n\n\n<div class=\"wp-block-column is-layout-flow wp-block-column-is-layout-flow\">\n<p>Vous cherchez un emploi ou une carri\u00e8re chez Ticketmaster? D\u00e9couvrez les postes ouverts et soumettez votre candidature sur notre page officielle des carri\u00e8res <a href=\"https:\/\/www.livenationentertainment.com\/work-at-ln\/\" target=\"_blank\" rel=\"noopener\">ici<\/a>.<\/p>\n\n\n\n<div class=\"wp-block-buttons is-layout-flex wp-block-buttons-is-layout-flex\"><\/div>\n<\/div>\n<\/div>\n\n\n\n<figure class=\"wp-block-embed alignwide is-type-video is-provider-vimeo wp-block-embed-vimeo wp-embed-aspect-16-9 wp-has-aspect-ratio\"><div class=\"wp-block-embed__wrapper\">\n<iframe loading=\"lazy\" title=\"#TMJobs\" src=\"https:\/\/player.vimeo.com\/video\/549279184?dnt=1&amp;app_id=122963\" width=\"500\" height=\"281\" frameborder=\"0\" allow=\"autoplay; fullscreen; picture-in-picture; clipboard-write; encrypted-media; web-share\" referrerpolicy=\"strict-origin-when-cross-origin\"><\/iframe>\n<\/div><\/figure>\n<\/div>\n\n\n\n<div class=\"wp-block-group has-base-color has-contrast-background-color has-text-color has-background has-link-color wp-elements-1a7e57f0645ae723a2b453005bdc9640 has-global-padding is-layout-constrained wp-block-group-is-layout-constrained\">\n<div class=\"wp-block-columns alignwide is-style-more-space is-layout-flex wp-container-core-columns-is-layout-28f84493 wp-block-columns-is-layout-flex\">\n<div class=\"wp-block-column is-layout-flow wp-block-column-is-layout-flow\">\n<h2 class=\"wp-block-heading alignwide is-style-eyebrow\">PLUS D&rsquo;INFORMATIONS SUR NOUS<\/h2>\n<\/div>\n\n\n\n<div class=\"wp-block-column is-layout-flow wp-block-column-is-layout-flow\"><\/div>\n<\/div>\n\n\n\n<div class=\"wp-block-columns alignwide is-layout-flex wp-container-core-columns-is-layout-28f84493 wp-block-columns-is-layout-flex\">\n<div class=\"wp-block-column is-layout-flow wp-block-column-is-layout-flow\">\n<figure class=\"wp-block-image size-large is-style-rounded\"><img decoding=\"async\" src=\"https:\/\/business.ticketmaster.com\/wp-content\/uploads\/2024\/02\/team1-1024x1024.png\" alt=\"\" class=\"wp-image-55981\" style=\"aspect-ratio:1;object-fit:cover\"\/><\/figure>\n\n\n\n<h3 class=\"wp-block-heading\" style=\"text-transform:none\">Notre histoire<\/h3>\n\n\n\n<p>D\u00e9couvrez comment Ticketmaster est rest\u00e9e \u00e0 la pointe de l&rsquo;innovation et a fait \u00e9voluer l&rsquo;industrie du divertissement.<\/p>\n\n\n\n<div class=\"wp-block-buttons is-layout-flex wp-block-buttons-is-layout-flex\" style=\"margin-top:var(--wp--preset--spacing--medium)\">\n<div class=\"wp-block-button is-style-arrow\"><a class=\"wp-block-button__link has-base-color has-text-color has-link-color wp-element-button\" href=\"https:\/\/business.ticketmaster.com\/fr\/why-ticketmaster\/our-story\/\" style=\"text-transform:none\">En savoir plus\n            <span class='tme-button-icon tme-button-icon--arrow' aria-hidden='true'>\n                <svg xmlns='http:\/\/www.w3.org\/2000\/svg' width='41' height='16' viewBox='0 0 41 16' fill='none'><path d='M40.7071 8.70711C41.0976 8.31658 41.0976 7.68342 40.7071 7.29289L34.3431 0.928932C33.9526 0.538408 33.3195 0.538408 32.9289 0.928932C32.5384 1.31946 32.5384 1.95262 32.9289 2.34315L38.5858 8L32.9289 13.6569C32.5384 14.0474 32.5384 14.6805 32.9289 15.0711C33.3195 15.4616 33.9526 15.4616 34.3431 15.0711L40.7071 8.70711ZM0 9H40V7H0V9Z' fill='currentColor'\/><\/svg>\n            <\/span>\n        <\/a><\/div>\n<\/div>\n<\/div>\n\n\n\n<div class=\"wp-block-column is-layout-flow wp-block-column-is-layout-flow\">\n<figure class=\"wp-block-image size-large is-style-rounded\"><img decoding=\"async\" src=\"https:\/\/business.ticketmaster.com\/wp-content\/uploads\/2024\/02\/team2-1024x1024.png\" alt=\"\" class=\"wp-image-55982\" style=\"aspect-ratio:1;object-fit:cover\"\/><\/figure>\n\n\n\n<h3 class=\"wp-block-heading\" style=\"text-transform:none\">Nos clients<\/h3>\n\n\n\n<p>Rencontrez les \u00e9quipes incroyables avec lesquelles nous travaillons dans le monde entier pour que nos solutions soient les meilleures possibles pour vous et votre entreprise.<\/p>\n\n\n\n<div class=\"wp-block-buttons is-layout-flex wp-block-buttons-is-layout-flex\" style=\"margin-top:var(--wp--preset--spacing--medium)\">\n<div class=\"wp-block-button is-style-arrow\"><a class=\"wp-block-button__link has-base-color has-text-color has-link-color wp-element-button\" href=\"https:\/\/business.ticketmaster.com\/fr\/why-ticketmaster\/our-partners\/\" style=\"text-transform:none\">En savoir plus\n            <span class='tme-button-icon tme-button-icon--arrow' aria-hidden='true'>\n                <svg xmlns='http:\/\/www.w3.org\/2000\/svg' width='41' height='16' viewBox='0 0 41 16' fill='none'><path d='M40.7071 8.70711C41.0976 8.31658 41.0976 7.68342 40.7071 7.29289L34.3431 0.928932C33.9526 0.538408 33.3195 0.538408 32.9289 0.928932C32.5384 1.31946 32.5384 1.95262 32.9289 2.34315L38.5858 8L32.9289 13.6569C32.5384 14.0474 32.5384 14.6805 32.9289 15.0711C33.3195 15.4616 33.9526 15.4616 34.3431 15.0711L40.7071 8.70711ZM0 9H40V7H0V9Z' fill='currentColor'\/><\/svg>\n            <\/span>\n        <\/a><\/div>\n<\/div>\n<\/div>\n\n\n\n<div class=\"wp-block-column is-layout-flow wp-block-column-is-layout-flow\">\n<figure class=\"wp-block-image size-large is-style-rounded\"><img decoding=\"async\" src=\"https:\/\/business.ticketmaster.com\/wp-content\/uploads\/2024\/02\/team3-1024x1024.png\" alt=\"\" class=\"wp-image-55983\" style=\"aspect-ratio:1;object-fit:cover\"\/><\/figure>\n\n\n\n<h3 class=\"wp-block-heading\" style=\"text-transform:none\">Nos solutions<\/h3>\n\n\n\n<p>D\u00e9couvrez ce que nous pouvons accomplir ensemble et comment nous vous soutenons \u00e0 la billetterie et au-del\u00e0.<\/p>\n\n\n\n<div class=\"wp-block-buttons is-layout-flex wp-block-buttons-is-layout-flex\" style=\"margin-top:var(--wp--preset--spacing--medium)\">\n<div class=\"wp-block-button is-style-arrow\"><a class=\"wp-block-button__link has-base-color has-text-color has-link-color wp-element-button\" href=\"https:\/\/business.ticketmaster.com\/fr\/solutions\/\" style=\"text-transform:none\">En savoir plus\n            <span class='tme-button-icon tme-button-icon--arrow' aria-hidden='true'>\n                <svg xmlns='http:\/\/www.w3.org\/2000\/svg' width='41' height='16' viewBox='0 0 41 16' fill='none'><path d='M40.7071 8.70711C41.0976 8.31658 41.0976 7.68342 40.7071 7.29289L34.3431 0.928932C33.9526 0.538408 33.3195 0.538408 32.9289 0.928932C32.5384 1.31946 32.5384 1.95262 32.9289 2.34315L38.5858 8L32.9289 13.6569C32.5384 14.0474 32.5384 14.6805 32.9289 15.0711C33.3195 15.4616 33.9526 15.4616 34.3431 15.0711L40.7071 8.70711ZM0 9H40V7H0V9Z' fill='currentColor'\/><\/svg>\n            <\/span>\n        <\/a><\/div>\n<\/div>\n<\/div>\n<\/div>\n<\/div>\n\n\n<div  style=\"margin-top:0;margin-bottom:0;\" class=\"align wp-block-acf-work-with-us\">\n\n    <div class=\"work-with-us\">\n        <div class=\"work-with-us__image\">\n            <div class=\"work-with-us__content\">\n\n<h2 class=\"wp-block-heading has-base-color has-text-color\">Vous souhaitez en savoir plus sur nos services?<\/h2>\n\n<\/div>\n            <div class=\"images\">\n                <img loading=\"lazy\" decoding=\"async\" width=\"1024\" height=\"768\" src=\"https:\/\/business.ticketmaster.com\/fr\/wp-content\/uploads\/sites\/2\/2023\/07\/aditya-chinchure-ZhQCZjr9fHo-unsplash-scaled-1-1024x768.jpg\" class=\"initial-image\" alt=\"\" srcset=\"https:\/\/business.ticketmaster.com\/fr\/wp-content\/uploads\/sites\/2\/2023\/07\/aditya-chinchure-ZhQCZjr9fHo-unsplash-scaled-1-1024x768.jpg 1024w, https:\/\/business.ticketmaster.com\/fr\/wp-content\/uploads\/sites\/2\/2023\/07\/aditya-chinchure-ZhQCZjr9fHo-unsplash-scaled-1-300x225.jpg 300w, https:\/\/business.ticketmaster.com\/fr\/wp-content\/uploads\/sites\/2\/2023\/07\/aditya-chinchure-ZhQCZjr9fHo-unsplash-scaled-1-768x576.jpg 768w, https:\/\/business.ticketmaster.com\/fr\/wp-content\/uploads\/sites\/2\/2023\/07\/aditya-chinchure-ZhQCZjr9fHo-unsplash-scaled-1-1536x1152.jpg 1536w, https:\/\/business.ticketmaster.com\/fr\/wp-content\/uploads\/sites\/2\/2023\/07\/aditya-chinchure-ZhQCZjr9fHo-unsplash-scaled-1-2048x1536.jpg 2048w, https:\/\/business.ticketmaster.com\/fr\/wp-content\/uploads\/sites\/2\/2023\/07\/aditya-chinchure-ZhQCZjr9fHo-unsplash-scaled-1-510x382.jpg 510w, https:\/\/business.ticketmaster.com\/fr\/wp-content\/uploads\/sites\/2\/2023\/07\/aditya-chinchure-ZhQCZjr9fHo-unsplash-scaled-1-1080x810.jpg 1080w, https:\/\/business.ticketmaster.com\/fr\/wp-content\/uploads\/sites\/2\/2023\/07\/aditya-chinchure-ZhQCZjr9fHo-unsplash-scaled-1-1280x960.jpg 1280w, https:\/\/business.ticketmaster.com\/fr\/wp-content\/uploads\/sites\/2\/2023\/07\/aditya-chinchure-ZhQCZjr9fHo-unsplash-scaled-1-980x735.jpg 980w, https:\/\/business.ticketmaster.com\/fr\/wp-content\/uploads\/sites\/2\/2023\/07\/aditya-chinchure-ZhQCZjr9fHo-unsplash-scaled-1-480x360.jpg 480w\" sizes=\"auto, (max-width: 1024px) 100vw, 1024px\" \/>            <\/div>\n        <\/div>\n        <div class=\"work-with-us__link-disc\">\n            <span>Travailler avec nous <span><svg xmlns=\"http:\/\/www.w3.org\/2000\/svg\" viewBox=\"0 0 41 16\" fill=\"none\">\n  <path d=\"M40.7071 8.70711C41.0976 8.31658 41.0976 7.68342 40.7071 7.29289L34.3431 0.928932C33.9526 0.538408 33.3195 0.538408 32.9289 0.928932C32.5384 1.31946 32.5384 1.95262 32.9289 2.34315L38.5858 8L32.9289 13.6569C32.5384 14.0474 32.5384 14.6805 32.9289 15.0711C33.3195 15.4616 33.9526 15.4616 34.3431 15.0711L40.7071 8.70711ZM0 9H40V7H0V9Z\" fill=\"var(--wp--preset--color--primary)\"\/>\n<\/svg><\/span><\/span>\n        <\/div>\n        <a class=\"work-with-us__link\" href=\"https:\/\/business.ticketmaster.com\/fr\/work-with-us\/\" title=\"Travailler avec nous\"><span>Travailler avec nous<\/span><\/a>\n    <\/div>\n<\/div>","protected":false},"excerpt":{"rendered":"<p>NOTRE \u00c9QUIPE Avec Ticketmaster, vous obtenez bien plus qu\u2019une plateforme, vous b\u00e9n\u00e9ficiez d\u2019un v\u00e9ritable partenaire investi dans votre r\u00e9ussite. Nos \u00e9quipes mondiales et locales combinent une expertise approfondie du secteur \u00e0 un engagement fort envers le service, en offrant un soutien d\u00e9di\u00e9 qui comprend vos besoins uniques. De la stabilit\u00e9 des syst\u00e8mes et de la [&hellip;]<\/p>\n","protected":false},"author":78,"featured_media":0,"parent":55549,"menu_order":1,"comment_status":"closed","ping_status":"closed","template":"","meta":{"_acf_changed":false,"_relevanssi_hide_post":"","_relevanssi_hide_content":"","_relevanssi_pin_for_all":"","_relevanssi_pin_keywords":"","_relevanssi_unpin_keywords":"","_relevanssi_related_keywords":"","_relevanssi_related_include_ids":"","_relevanssi_related_exclude_ids":"","_relevanssi_related_no_append":"","_relevanssi_related_not_related":"","_relevanssi_related_posts":"46642,53131,46633,7888,46645,53624","_relevanssi_noindex_reason":"","footnotes":""},"admin-category":[],"solution":[],"segment":[],"venue":[],"topic":[],"class_list":["post-55590","page","type-page","status-publish","hentry"],"acf":[],"_links":{"self":[{"href":"https:\/\/business.ticketmaster.com\/fr\/wp-json\/wp\/v2\/pages\/55590","targetHints":{"allow":["GET"]}}],"collection":[{"href":"https:\/\/business.ticketmaster.com\/fr\/wp-json\/wp\/v2\/pages"}],"about":[{"href":"https:\/\/business.ticketmaster.com\/fr\/wp-json\/wp\/v2\/types\/page"}],"author":[{"embeddable":true,"href":"https:\/\/business.ticketmaster.com\/fr\/wp-json\/wp\/v2\/users\/78"}],"replies":[{"embeddable":true,"href":"https:\/\/business.ticketmaster.com\/fr\/wp-json\/wp\/v2\/comments?post=55590"}],"version-history":[{"count":0,"href":"https:\/\/business.ticketmaster.com\/fr\/wp-json\/wp\/v2\/pages\/55590\/revisions"}],"up":[{"embeddable":true,"href":"https:\/\/business.ticketmaster.com\/fr\/wp-json\/wp\/v2\/pages\/55549"}],"wp:attachment":[{"href":"https:\/\/business.ticketmaster.com\/fr\/wp-json\/wp\/v2\/media?parent=55590"}],"wp:term":[{"taxonomy":"admin-category","embeddable":true,"href":"https:\/\/business.ticketmaster.com\/fr\/wp-json\/wp\/v2\/admin-category?post=55590"},{"taxonomy":"solution","embeddable":true,"href":"https:\/\/business.ticketmaster.com\/fr\/wp-json\/wp\/v2\/solution?post=55590"},{"taxonomy":"segment","embeddable":true,"href":"https:\/\/business.ticketmaster.com\/fr\/wp-json\/wp\/v2\/segment?post=55590"},{"taxonomy":"venue","embeddable":true,"href":"https:\/\/business.ticketmaster.com\/fr\/wp-json\/wp\/v2\/venue?post=55590"},{"taxonomy":"topic","embeddable":true,"href":"https:\/\/business.ticketmaster.com\/fr\/wp-json\/wp\/v2\/topic?post=55590"}],"curies":[{"name":"wp","href":"https:\/\/api.w.org\/{rel}","templated":true}]}}